{"id":8358,"date":"2025-08-19T10:10:24","date_gmt":"2025-08-19T08:10:24","guid":{"rendered":"https:\/\/lextax.es\/es\/?page_id=8358"},"modified":"2025-08-19T10:15:04","modified_gmt":"2025-08-19T08:15:04","slug":"contacto","status":"publish","type":"page","link":"https:\/\/lextax.es\/es\/contacto\/","title":{"rendered":"Contacto"},"content":{"rendered":"<p>[et_pb_section fb_built=\u00bb1&#8243; _builder_version=\u00bb4.27.4&#8243; _module_preset=\u00bbdefault\u00bb background_image=\u00bbhttps:\/\/lextax.es\/es\/wp-content\/uploads\/2025\/08\/cabecera-quienes.jpg\u00bb global_colors_info=\u00bb{}\u00bb][et_pb_row _builder_version=\u00bb4.27.4&#8243; _module_preset=\u00bbdefault\u00bb global_colors_info=\u00bb{}\u00bb][et_pb_column type=\u00bb4_4&#8243; _builder_version=\u00bb4.27.4&#8243; _module_preset=\u00bbdefault\u00bb global_colors_info=\u00bb{}\u00bb][et_pb_text _builder_version=\u00bb4.27.4&#8243; _module_preset=\u00bbdefault\u00bb header_text_color=\u00bb#FFFFFF\u00bb hover_enabled=\u00bb0&#8243; global_colors_info=\u00bb{}\u00bb sticky_enabled=\u00bb0&#8243;]<\/p>\n<h1 style=\"text-align: center;\">Contacta con nosotros<\/h1>\n<p>[\/et_pb_text][\/et_pb_column][\/et_pb_row][\/et_pb_section][et_pb_section fb_built=\u00bb1&#8243; _builder_version=\u00bb4.27.4&#8243; _module_preset=\u00bbdefault\u00bb background_image=\u00bbhttps:\/\/lextax.es\/es\/wp-content\/uploads\/2025\/08\/fondo-png.png\u00bb background_size=\u00bbcontain\u00bb custom_margin=\u00bb40px||20px||false|false\u00bb custom_padding=\u00bb48px||40px|||\u00bb animation_style=\u00bbslide\u00bb animation_direction=\u00bbtop\u00bb global_colors_info=\u00bb{}\u00bb][et_pb_row _builder_version=\u00bb4.27.4&#8243; _module_preset=\u00bbdefault\u00bb custom_padding=\u00bb23px||21px|||\u00bb global_colors_info=\u00bb{}\u00bb][et_pb_column type=\u00bb4_4&#8243; _builder_version=\u00bb4.27.4&#8243; _module_preset=\u00bbdefault\u00bb global_colors_info=\u00bb{}\u00bb][et_pb_text _builder_version=\u00bb4.27.4&#8243; _module_preset=\u00bbdefault\u00bb custom_margin=\u00bb||1px|||\u00bb hover_enabled=\u00bb0&#8243; global_colors_info=\u00bb{}\u00bb sticky_enabled=\u00bb0&#8243;]<\/p>\n<h2 style=\"text-align: center;\">\u00bfListo para Dar <em>el Siguiente Paso<\/em>?<\/h2>\n<p>[\/et_pb_text][\/et_pb_column][\/et_pb_row][et_pb_row _builder_version=\u00bb4.27.4&#8243; _module_preset=\u00bbdefault\u00bb custom_padding=\u00bb0px||||false|false\u00bb global_colors_info=\u00bb{}\u00bb][et_pb_column type=\u00bb4_4&#8243; _builder_version=\u00bb4.27.4&#8243; _module_preset=\u00bbdefault\u00bb global_colors_info=\u00bb{}\u00bb][et_pb_text _builder_version=\u00bb4.27.4&#8243; _module_preset=\u00bbdefault\u00bb hover_enabled=\u00bb0&#8243; global_colors_info=\u00bb{}\u00bb sticky_enabled=\u00bb0&#8243;]<\/p>\n<p style=\"text-align: center;\">Si buscas un equipo que se implique, que entienda tu visi\u00f3n y que te ofrezca la seguridad que necesitas para avanzar, nos encantar\u00eda conocerte.<\/p>\n<p style=\"text-align: center;\">Hablemos de tu proyecto. Descubre por qu\u00e9 nuestros clientes no solo est\u00e1n tranquilos, sino que est\u00e1n un paso por delante.<\/p>\n<p>[\/et_pb_text][\/et_pb_column][\/et_pb_row][\/et_pb_section][et_pb_section fb_built=\u00bb1&#8243; module_id=\u00bbcontacto\u00bb _builder_version=\u00bb4.27.4&#8243; _module_preset=\u00bbdefault\u00bb background_enable_color=\u00bboff\u00bb background_image=\u00bbhttps:\/\/lextax.es\/es\/wp-content\/uploads\/2025\/08\/fondo-contacto.jpg\u00bb custom_margin=\u00bb47px||||false|false\u00bb custom_padding=\u00bb36px|||||\u00bb global_colors_info=\u00bb{}\u00bb][et_pb_row column_structure=\u00bb2_5,3_5&#8243; make_equal=\u00bbon\u00bb _builder_version=\u00bb4.27.4&#8243; _module_preset=\u00bbdefault\u00bb max_width=\u00bb1300px\u00bb custom_padding=\u00bb||0px|||\u00bb global_colors_info=\u00bb{}\u00bb][et_pb_column type=\u00bb2_5&#8243; _builder_version=\u00bb4.27.4&#8243; _module_preset=\u00bbdefault\u00bb custom_css_main_element=\u00bbmargin: auto;\u00bb global_colors_info=\u00bb{}\u00bb][et_pb_text _builder_version=\u00bb4.27.4&#8243; _module_preset=\u00bbdefault\u00bb text_text_color=\u00bb#FFFFFF\u00bb hover_enabled=\u00bb0&#8243; global_colors_info=\u00bb{}\u00bb sticky_enabled=\u00bb0&#8243;]<\/p>\n<p><strong>Tel\u00e9fono<\/strong><br \/>965 792 015<\/p>\n<p><strong>Email<\/strong><br \/>info@lextax.es<\/p>\n<p><strong>Direcci\u00f3n<\/strong><br \/>C\/Carlos Benimeli 9, Local 1, 03730, J\u00e1vea, Alicante<\/p>\n<p>[\/et_pb_text][\/et_pb_column][et_pb_column type=\u00bb3_5&#8243; _builder_version=\u00bb4.27.4&#8243; _module_preset=\u00bbdefault\u00bb custom_css_main_element=\u00bbmargin: auto;\u00bb global_colors_info=\u00bb{}\u00bb][et_pb_text _builder_version=\u00bb4.27.4&#8243; _module_preset=\u00bbdefault\u00bb global_colors_info=\u00bb{}\u00bb]<\/p>\n\n<div class=\"wpcf7 no-js\" id=\"wpcf7-f13-o1\" lang=\"es-ES\" dir=\"ltr\" data-wpcf7-id=\"13\">\n<div class=\"screen-reader-response\"><p role=\"status\" aria-live=\"polite\" aria-atomic=\"true\"><\/p> <ul><\/ul><\/div>\n<form action=\"\/es\/wp-json\/wp\/v2\/pages\/8358#wpcf7-f13-o1\" method=\"post\" class=\"wpcf7-form init\" aria-label=\"Formulario de contacto\" novalidate=\"novalidate\" data-status=\"init\">\n<fieldset class=\"hidden-fields-container\"><input type=\"hidden\" name=\"_wpcf7\" value=\"13\" \/><input type=\"hidden\" name=\"_wpcf7_version\" value=\"6.1.5\" \/><input type=\"hidden\" name=\"_wpcf7_locale\" value=\"es_ES\" \/><input type=\"hidden\" name=\"_wpcf7_unit_tag\" value=\"wpcf7-f13-o1\" \/><input type=\"hidden\" name=\"_wpcf7_container_post\" value=\"0\" \/><input type=\"hidden\" name=\"_wpcf7_posted_data_hash\" value=\"\" \/><input type=\"hidden\" name=\"_wpcf7dtx_version\" value=\"5.0.5\" \/>\n<\/fieldset>\n<div class=\"cf7-grid\">\n\t<div class=\"cf7-row\">\n\t\t<div class=\"cf7-col cf7-col-left\">\n\t\t\t<p><span class=\"cf7-field\"><br \/>\n<span class=\"wpcf7-form-control-wrap\" data-name=\"your-name\"><input size=\"40\" maxlength=\"400\" class=\"wpcf7-form-control wpcf7-text wpcf7-validates-as-required\" aria-required=\"true\" aria-invalid=\"false\" placeholder=\"Nombre\" value=\"\" type=\"text\" name=\"your-name\" \/><\/span><br \/>\n<\/span><br \/>\n<span class=\"cf7-field\"><br \/>\n<span class=\"wpcf7-form-control-wrap\" data-name=\"your-email\"><input size=\"40\" maxlength=\"400\" class=\"wpcf7-form-control wpcf7-email wpcf7-validates-as-required wpcf7-text wpcf7-validates-as-email\" aria-required=\"true\" aria-invalid=\"false\" placeholder=\"Email\" value=\"\" type=\"email\" name=\"your-email\" \/><\/span><br \/>\n<\/span><br \/>\n<span class=\"cf7-field\"><br \/>\n<span class=\"wpcf7-form-control-wrap\" data-name=\"your-tel\"><input size=\"40\" maxlength=\"400\" class=\"wpcf7-form-control wpcf7-tel wpcf7-validates-as-required wpcf7-text wpcf7-validates-as-tel\" aria-required=\"true\" aria-invalid=\"false\" placeholder=\"Tel\u00e9fono\" value=\"\" type=\"tel\" name=\"your-tel\" \/><\/span><br \/>\n<\/span>\n\t\t\t<\/p>\n\t\t<\/div>\n\t\t<div class=\"cf7-col cf7-col-right\">\n\t\t\t<p><span class=\"cf7-field cf7-field-textarea\"><br \/>\n<span class=\"wpcf7-form-control-wrap\" data-name=\"your-message\"><textarea cols=\"40\" rows=\"10\" maxlength=\"2000\" class=\"wpcf7-form-control wpcf7-textarea wpcf7-validates-as-required\" aria-required=\"true\" aria-invalid=\"false\" placeholder=\"Mensaje\" name=\"your-message\"><\/textarea><\/span><br \/>\n<\/span>\n\t\t\t<\/p>\n\t\t<\/div>\n\t<\/div>\n\t<p><span id=\"wpcf7-69d594f524bb0-wrapper\" class=\"wpcf7-form-control-wrap website-wrap\" ><input type=\"hidden\" name=\"website-time-start\" value=\"1775604981\"><input type=\"hidden\" name=\"website-time-check\" value=\"4\"><label for=\"wpcf7-69d594f524bb0-field\" class=\"hp-message\">Por favor, deja este campo vac\u00edo.<\/label><input id=\"wpcf7-69d594f524bb0-field\"  class=\"wpcf7-form-control wpcf7-text\" type=\"text\" name=\"website\" value=\"\" size=\"40\" tabindex=\"-1\" autocomplete=\"off\" \/><\/span>\n\t<\/p>\n\t<div class=\"cf7-row cf7-row-bottom\">\n\t\t<p><label class=\"cf7-privacy\"><br \/>\n<span class=\"wpcf7-form-control-wrap\" data-name=\"acceptance-419\"><span class=\"wpcf7-form-control wpcf7-acceptance\"><span class=\"wpcf7-list-item\"><label><input type=\"checkbox\" name=\"acceptance-419\" value=\"1\" aria-invalid=\"false\" \/><span class=\"wpcf7-list-item-label\">He le\u00eddo y acepto la <a href=\"https:\/\/lextax.es\/es\/politica-de-privacidad\" target=\"_blank\" rel=\"noopener\">Pol\u00edtica de privacidad<\/a>.<\/span><\/label><\/span><\/span><\/span><br \/>\n<\/label>\n\t\t<\/p>\n\t\t<p><input class=\"wpcf7-form-control wpcf7-submit has-spinner cf7-button cf7-button-primary\" type=\"submit\" value=\"Contactar\" \/>\n\t\t<\/p>\n\t<\/div>\n<\/div><div class=\"wpcf7-response-output\" aria-hidden=\"true\"><\/div>\n<\/form>\n<\/div>\n\n<p>[\/et_pb_text][\/et_pb_column][\/et_pb_row][\/et_pb_section]<\/p>\n","protected":false},"excerpt":{"rendered":"<p>Contacta con nosotros\u00bfListo para Dar el Siguiente Paso?Si buscas un equipo que se implique, que entienda tu visi\u00f3n y que te ofrezca la seguridad que necesitas para avanzar, nos encantar\u00eda conocerte. Hablemos de tu proyecto. Descubre por qu\u00e9 nuestros clientes no solo est\u00e1n tranquilos, sino que est\u00e1n un paso por delante.Tel\u00e9fono965 792 015 Emailinfo@lextax.es Direcci\u00f3nC\/Carlos [&hellip;]<\/p>\n","protected":false},"author":1,"featured_media":0,"parent":0,"menu_order":0,"comment_status":"closed","ping_status":"closed","template":"","meta":{"_et_pb_use_builder":"on","_et_pb_old_content":"","_et_gb_content_width":"","footnotes":""},"class_list":["post-8358","page","type-page","status-publish","hentry"],"yoast_head":"<!-- This site is optimized with the Yoast SEO plugin v27.3 - https:\/\/yoast.com\/product\/yoast-seo-wordpress\/ -->\n<title>Contacto - Lextax<\/title>\n<meta name=\"robots\" content=\"index, follow, max-snippet:-1, max-image-preview:large, max-video-preview:-1\" \/>\n<link rel=\"canonical\" href=\"https:\/\/lextax.es\/es\/contacto\/\" \/>\n<meta property=\"og:locale\" content=\"es_ES\" \/>\n<meta property=\"og:type\" content=\"article\" \/>\n<meta property=\"og:title\" content=\"Contacto - Lextax\" \/>\n<meta property=\"og:description\" content=\"Contacta con nosotros\u00bfListo para Dar el Siguiente Paso?Si buscas un equipo que se implique, que entienda tu visi\u00f3n y que te ofrezca la seguridad que necesitas para avanzar, nos encantar\u00eda conocerte. Hablemos de tu proyecto. Descubre por qu\u00e9 nuestros clientes no solo est\u00e1n tranquilos, sino que est\u00e1n un paso por delante.Tel\u00e9fono965 792 015 Emailinfo@lextax.es Direcci\u00f3nC\/Carlos [&hellip;]\" \/>\n<meta property=\"og:url\" content=\"https:\/\/lextax.es\/es\/contacto\/\" \/>\n<meta property=\"og:site_name\" content=\"Lextax\" \/>\n<meta property=\"article:modified_time\" content=\"2025-08-19T08:15:04+00:00\" \/>\n<meta name=\"twitter:card\" content=\"summary_large_image\" \/>\n<script type=\"application\/ld+json\" class=\"yoast-schema-graph\">{\"@context\":\"https:\\\/\\\/schema.org\",\"@graph\":[{\"@type\":\"WebPage\",\"@id\":\"https:\\\/\\\/lextax.es\\\/es\\\/contacto\\\/\",\"url\":\"https:\\\/\\\/lextax.es\\\/es\\\/contacto\\\/\",\"name\":\"Contacto - Lextax\",\"isPartOf\":{\"@id\":\"https:\\\/\\\/lextax.es\\\/es\\\/#website\"},\"datePublished\":\"2025-08-19T08:10:24+00:00\",\"dateModified\":\"2025-08-19T08:15:04+00:00\",\"breadcrumb\":{\"@id\":\"https:\\\/\\\/lextax.es\\\/es\\\/contacto\\\/#breadcrumb\"},\"inLanguage\":\"es\",\"potentialAction\":[{\"@type\":\"ReadAction\",\"target\":[\"https:\\\/\\\/lextax.es\\\/es\\\/contacto\\\/\"]}]},{\"@type\":\"BreadcrumbList\",\"@id\":\"https:\\\/\\\/lextax.es\\\/es\\\/contacto\\\/#breadcrumb\",\"itemListElement\":[{\"@type\":\"ListItem\",\"position\":1,\"name\":\"Portada\",\"item\":\"https:\\\/\\\/lextax.es\\\/es\\\/\"},{\"@type\":\"ListItem\",\"position\":2,\"name\":\"Contacto\"}]},{\"@type\":\"WebSite\",\"@id\":\"https:\\\/\\\/lextax.es\\\/es\\\/#website\",\"url\":\"https:\\\/\\\/lextax.es\\\/es\\\/\",\"name\":\"Lextax\",\"description\":\"Asesor&iacute;a fiscal, contable y laboral para empresas, aut&oacute;nomos y particulares\",\"potentialAction\":[{\"@type\":\"SearchAction\",\"target\":{\"@type\":\"EntryPoint\",\"urlTemplate\":\"https:\\\/\\\/lextax.es\\\/es\\\/?s={search_term_string}\"},\"query-input\":{\"@type\":\"PropertyValueSpecification\",\"valueRequired\":true,\"valueName\":\"search_term_string\"}}],\"inLanguage\":\"es\"}]}<\/script>\n<!-- \/ Yoast SEO plugin. -->","yoast_head_json":{"title":"Contacto - Lextax","robots":{"index":"index","follow":"follow","max-snippet":"max-snippet:-1","max-image-preview":"max-image-preview:large","max-video-preview":"max-video-preview:-1"},"canonical":"https:\/\/lextax.es\/es\/contacto\/","og_locale":"es_ES","og_type":"article","og_title":"Contacto - Lextax","og_description":"Contacta con nosotros\u00bfListo para Dar el Siguiente Paso?Si buscas un equipo que se implique, que entienda tu visi\u00f3n y que te ofrezca la seguridad que necesitas para avanzar, nos encantar\u00eda conocerte. Hablemos de tu proyecto. Descubre por qu\u00e9 nuestros clientes no solo est\u00e1n tranquilos, sino que est\u00e1n un paso por delante.Tel\u00e9fono965 792 015 Emailinfo@lextax.es Direcci\u00f3nC\/Carlos [&hellip;]","og_url":"https:\/\/lextax.es\/es\/contacto\/","og_site_name":"Lextax","article_modified_time":"2025-08-19T08:15:04+00:00","twitter_card":"summary_large_image","schema":{"@context":"https:\/\/schema.org","@graph":[{"@type":"WebPage","@id":"https:\/\/lextax.es\/es\/contacto\/","url":"https:\/\/lextax.es\/es\/contacto\/","name":"Contacto - Lextax","isPartOf":{"@id":"https:\/\/lextax.es\/es\/#website"},"datePublished":"2025-08-19T08:10:24+00:00","dateModified":"2025-08-19T08:15:04+00:00","breadcrumb":{"@id":"https:\/\/lextax.es\/es\/contacto\/#breadcrumb"},"inLanguage":"es","potentialAction":[{"@type":"ReadAction","target":["https:\/\/lextax.es\/es\/contacto\/"]}]},{"@type":"BreadcrumbList","@id":"https:\/\/lextax.es\/es\/contacto\/#breadcrumb","itemListElement":[{"@type":"ListItem","position":1,"name":"Portada","item":"https:\/\/lextax.es\/es\/"},{"@type":"ListItem","position":2,"name":"Contacto"}]},{"@type":"WebSite","@id":"https:\/\/lextax.es\/es\/#website","url":"https:\/\/lextax.es\/es\/","name":"Lextax","description":"Asesor&iacute;a fiscal, contable y laboral para empresas, aut&oacute;nomos y particulares","potentialAction":[{"@type":"SearchAction","target":{"@type":"EntryPoint","urlTemplate":"https:\/\/lextax.es\/es\/?s={search_term_string}"},"query-input":{"@type":"PropertyValueSpecification","valueRequired":true,"valueName":"search_term_string"}}],"inLanguage":"es"}]}},"_links":{"self":[{"href":"https:\/\/lextax.es\/es\/wp-json\/wp\/v2\/pages\/8358","targetHints":{"allow":["GET"]}}],"collection":[{"href":"https:\/\/lextax.es\/es\/wp-json\/wp\/v2\/pages"}],"about":[{"href":"https:\/\/lextax.es\/es\/wp-json\/wp\/v2\/types\/page"}],"author":[{"embeddable":true,"href":"https:\/\/lextax.es\/es\/wp-json\/wp\/v2\/users\/1"}],"replies":[{"embeddable":true,"href":"https:\/\/lextax.es\/es\/wp-json\/wp\/v2\/comments?post=8358"}],"version-history":[{"count":3,"href":"https:\/\/lextax.es\/es\/wp-json\/wp\/v2\/pages\/8358\/revisions"}],"predecessor-version":[{"id":8365,"href":"https:\/\/lextax.es\/es\/wp-json\/wp\/v2\/pages\/8358\/revisions\/8365"}],"wp:attachment":[{"href":"https:\/\/lextax.es\/es\/wp-json\/wp\/v2\/media?parent=8358"}],"curies":[{"name":"wp","href":"https:\/\/api.w.org\/{rel}","templated":true}]}}